{"id":464,"date":"2015-03-09T10:34:11","date_gmt":"2015-03-09T10:34:11","guid":{"rendered":"http:\/\/demo.athemes.com\/sydney\/?page_id=8"},"modified":"2024-08-13T21:09:30","modified_gmt":"2024-08-13T19:09:30","slug":"my-front-page","status":"publish","type":"page","link":"https:\/\/smartcarpenter.se\/en\/","title":{"rendered":"One Page"},"content":{"rendered":"<div id=\"pl-464\"  class=\"panel-layout\" ><div id=\"pg-464-0\"  class=\"panel-grid panel-has-style\" ><div style=\"padding: 20px 0; \" data-overlay=\"true\" data-overlay-color=\"#000000\" class=\"panel-row-style panel-row-style-for-464-0\" ><div id=\"pgc-464-0-0\"  class=\"panel-grid-cell\" ><div id=\"panel-464-0-0-0\" class=\"so-panel widget widget_text panel-first-child panel-last-child\" data-index=\"0\" ><div style=\"text-align: center;\" data-title-color=\"#443f3f\" data-headings-color=\"#443f3f\" class=\"panel-widget-style panel-widget-style-for-464-0-0-0\" ><h3 class=\"widget-title\">How we work?<\/h3>\t\t\t<div class=\"textwidget\"><\/div>\n\t\t<\/div><\/div><\/div><\/div><\/div><div id=\"pg-464-1\"  class=\"panel-grid panel-has-style\" ><div class=\"siteorigin-panels-stretch panel-row-style panel-row-style-for-464-1\" style=\"border-bottom: 1px solid #e0e0e0;text-align: center;padding: 30px 0; \" id=\"about\" data-stretch-type=\"full\" data-overlay=\"true\" data-overlay-color=\"#000000\" ><div id=\"pgc-464-1-0\"  class=\"panel-grid-cell panel-grid-cell-empty\" ><\/div><div id=\"pgc-464-1-1\"  class=\"panel-grid-cell\" ><div id=\"panel-464-1-1-0\" class=\"so-panel widget widget_text panel-first-child panel-last-child\" data-index=\"1\" ><div style=\"text-align: center;\" data-title-color=\"#443f3f\" data-headings-color=\"#443f3f\" class=\"panel-widget-style panel-widget-style-for-464-1-1-0\" >\t\t\t<div class=\"textwidget\"><p>We professionally deal with<br \/>\nbroadly defined carpentry like:<\/p>\n<p><span style=\"color: #c8906e;\">Attic adaptations, dormers,<br \/>\ndoors and windows, floors,<br \/>\nterraces, saunas, furnitures,<br \/>\nfacade, renovations, and more...<\/span><\/p>\n<p>If you have a project to talk about<br \/>\nwe are here for you!<\/p>\n<\/div>\n\t\t<\/div><\/div><\/div><div id=\"pgc-464-1-2\"  class=\"panel-grid-cell panel-grid-cell-mobile-last\" ><div id=\"panel-464-1-2-0\" class=\"so-panel widget widget_text panel-first-child panel-last-child\" data-index=\"2\" ><div style=\"text-align: center;\" data-title-color=\"#443f3f\" data-headings-color=\"#443f3f\" class=\"panel-widget-style panel-widget-style-for-464-1-2-0\" >\t\t\t<div class=\"textwidget\"><p>We are focused on quality,<br \/>\nwe base on our experience,<br \/>\nand knowledge of technology.<\/p>\n<p>Our domain is speed, perfection,<br \/>\nand wide range of work, <\/p>\n<p>Client satisfaction is our goal.<\/p>\n<\/div>\n\t\t<\/div><\/div><\/div><div id=\"pgc-464-1-3\"  class=\"panel-grid-cell panel-grid-cell-empty\" ><\/div><\/div><\/div><div id=\"pg-464-2\"  class=\"panel-grid panel-has-style\" ><div class=\"siteorigin-panels-stretch panel-row-style panel-row-style-for-464-2\" style=\"color: #ffffff;background-image: url(https:\/\/smartcarpenter.se\/wp-content\/uploads\/construction-facades-deck1.jpg);padding: 100px 0; \" data-stretch-type=\"full\" data-hascolor=\"hascolor\" data-hasbg=\"hasbg\" data-overlay=\"true\" data-overlay-color=\"#000000\" ><div id=\"pgc-464-2-0\"  class=\"panel-grid-cell\" ><div id=\"panel-464-2-0-0\" class=\"so-panel widget widget_text panel-first-child panel-last-child\" data-index=\"3\" ><div style=\"text-align: center;\" data-title-color=\"#443f3f\" data-headings-color=\"#443f3f\" class=\"panel-widget-style panel-widget-style-for-464-2-0-0\" >\t\t\t<div class=\"textwidget\"><pre class=\"ti-widget\" style=\"display: none\"><div class=\"ti-widget ti-goog ti-disable-font ti-show-rating-text ti-review-text-mode-readmore ti-text-align-left\" data-no-translation=\"true\" data-layout-id=\"5\" data-set-id=\"dark-background\" data-pid=\"\" data-pager-autoplay-timeout=\"6\" data-review-target-width=\"275\" data-language=\"sv\" > <div class=\"ti-widget-container ti-col-4\"> <div class=\"ti-footer source-Google\"> <div class=\"ti-rating-text\"> <strong class=\"ti-rating ti-rating-large\"> Utm\u00e4rkt <\/strong> <\/div> <span class=\"ti-stars star-lg\"> <span class=\"ti-star f\"><\/span><span class=\"ti-star f\"><\/span><span class=\"ti-star f\"><\/span><span class=\"ti-star f\"><\/span><span class=\"ti-star f\"><\/span> <\/span> <div class=\"ti-rating-text\"> <span class=\"nowrap\">Baserat p\u00e5 <strong>5 recensioner<\/strong><\/span> <\/div> <div class=\"ti-large-logo\"> <div class=\"ti-v-center\"> <img decoding=\"async\" class=\"ti-logo-fb\" src=\"https:\/\/cdn.trustindex.io\/assets\/platform\/Google\/logo-dark.svg\" width=\"150\" height=\"25\" loading=\"lazy\" alt=\"Google\" width=\"150\" height=\"25\" \/> <\/div> <\/div> <\/div> <div class=\"ti-reviews-container\"> <div class=\"ti-controls\"> <div class=\"ti-next\" aria-label=\"N\u00e4sta recension\" role=\"button\"><\/div> <div class=\"ti-prev\" aria-label=\"Tidigare recension\" role=\"button\"><\/div> <\/div> <div class=\"ti-reviews-container-wrapper\">  <div data-empty=\"0\" class=\"ti-review-item source-Google ti-image-layout-thumbnail\" data-id=\"cfcd208495d565ef66e7dff9f98764da\" > <div class=\"ti-inner\"> <div class=\"ti-review-header\"> <div class=\"ti-profile-img\"> <img decoding=\"async\" src=\"https:\/\/lh3.googleusercontent.com\/a\/ACg8ocL0uxkhdFyHc8bzynThNS7X_hFbgERNkzt9_DNbHyTbp3BpEQ=s120-c-rp-mo-br100\" loading=\"lazy\" alt=\"Ulrika Westin\" \/> <\/div> <div class=\"ti-profile-details\"> <div class=\"ti-name\"> Ulrika Westin <\/div> <div class=\"ti-date\">2024-08-16<\/div> <\/div> <\/div> <span class=\"ti-stars\"><span class=\"ti-star f\"><\/span><span class=\"ti-star f\"><\/span><span class=\"ti-star f\"><\/span><span class=\"ti-star f\"><\/span><span class=\"ti-star f\"><\/span><span class=\"ti-verified-review ti-verified-platform\"><span class=\"ti-verified-tooltip\">Trustindex verifierar att den ursprungliga k\u00e4llan till recensionen \u00e4r Google.<\/span><\/span><\/span> <div class=\"ti-review-text-container ti-review-content\"><!-- R-CONTENT -->Har f\u00e5tt ypperlig hj\u00e4lp av smartcarpenter och \u00e4r s\u00e5 n\u00f6jd med min nya entr\u00e9 och renovering av altanen, k\u00e4llargolv och uthus. Kan varmt rekommendera<!-- R-CONTENT --><\/div> <span class=\"ti-read-more\" data-container=\".ti-review-content\" data-collapse-text=\"D\u00f6lj\" data-open-text=\"L\u00e4s mer\" ><\/span> <\/div> <\/div>  <div data-empty=\"0\" class=\"ti-review-item source-Google ti-image-layout-thumbnail\" data-id=\"cfcd208495d565ef66e7dff9f98764da\" > <div class=\"ti-inner\"> <div class=\"ti-review-header\"> <div class=\"ti-profile-img\"> <img decoding=\"async\" src=\"https:\/\/lh3.googleusercontent.com\/a\/ACg8ocJeFP7aix3xoV1Kg0C5Ml6I-3d8IwY1YLfADQZ8YiGEZIGRwg=s120-c-rp-mo-br100\" loading=\"lazy\" alt=\"Pontus Larsson\" \/> <\/div> <div class=\"ti-profile-details\"> <div class=\"ti-name\"> Pontus Larsson <\/div> <div class=\"ti-date\">2024-08-12<\/div> <\/div> <\/div> <span class=\"ti-stars\"><span class=\"ti-star f\"><\/span><span class=\"ti-star f\"><\/span><span class=\"ti-star f\"><\/span><span class=\"ti-star f\"><\/span><span class=\"ti-star f\"><\/span><span class=\"ti-verified-review ti-verified-platform\"><span class=\"ti-verified-tooltip\">Trustindex verifierar att den ursprungliga k\u00e4llan till recensionen \u00e4r Google.<\/span><\/span><\/span> <div class=\"ti-review-text-container ti-review-content\"><!-- R-CONTENT -->Jag och min fru anlitade Smartcarpenter och Maciej f\u00f6r att bygga ett nytt balkongr\u00e4cke samt ny trall p\u00e5 v\u00e5r takterass. Vi \u00e4r v\u00e4ldigt n\u00f6jda med jobbet som Maciej utf\u00f6rde och hela projektet l\u00f6pte p\u00e5 smidigt. Maciej \u00e4r noggrann och metodisk och har k\u00e4nsla f\u00f6r de sm\u00e5 detaljerna. Hela jobbet rymdes inom offerten som vi f\u00e5tt fr\u00e5n b\u00f6rjan och ingen extra kostnad tillkom efter\u00e5t. Vi kan varmt rekommendera Smartcarpenter!<!-- R-CONTENT --><\/div> <span class=\"ti-read-more\" data-container=\".ti-review-content\" data-collapse-text=\"D\u00f6lj\" data-open-text=\"L\u00e4s mer\" ><\/span> <\/div> <\/div>  <div data-empty=\"0\" class=\"ti-review-item source-Google ti-image-layout-thumbnail\" data-id=\"cfcd208495d565ef66e7dff9f98764da\" > <div class=\"ti-inner\"> <div class=\"ti-review-header\"> <div class=\"ti-profile-img\"> <img decoding=\"async\" src=\"https:\/\/lh3.googleusercontent.com\/a\/ACg8ocKJC0BcZ5wllZPE1X_oFoEP6hhUl0Yw6jqEUxAFPuEgCr-Wag=s120-c-rp-mo-br100\" loading=\"lazy\" alt=\"Ben Word\" \/> <\/div> <div class=\"ti-profile-details\"> <div class=\"ti-name\"> Ben Word <\/div> <div class=\"ti-date\">2024-06-29<\/div> <\/div> <\/div> <span class=\"ti-stars\"><span class=\"ti-star f\"><\/span><span class=\"ti-star f\"><\/span><span class=\"ti-star f\"><\/span><span class=\"ti-star f\"><\/span><span class=\"ti-star f\"><\/span><span class=\"ti-verified-review ti-verified-platform\"><span class=\"ti-verified-tooltip\">Trustindex verifierar att den ursprungliga k\u00e4llan till recensionen \u00e4r Google.<\/span><\/span><\/span> <div class=\"ti-review-text-container ti-review-content\"><!-- R-CONTENT -->Very professional work to high quality. Good discussions on exactly what you need, followed by diligent and thoughtful execution. Has worked for us on challenging projects. Highly recommended.<!-- R-CONTENT --><\/div> <span class=\"ti-read-more\" data-container=\".ti-review-content\" data-collapse-text=\"D\u00f6lj\" data-open-text=\"L\u00e4s mer\" ><\/span> <\/div> <\/div>  <div data-empty=\"0\" class=\"ti-review-item source-Google ti-image-layout-thumbnail\" data-id=\"cfcd208495d565ef66e7dff9f98764da\" > <div class=\"ti-inner\"> <div class=\"ti-review-header\"> <div class=\"ti-profile-img\"> <img decoding=\"async\" src=\"https:\/\/lh3.googleusercontent.com\/a-\/ALV-UjUZObi_xPgOovQlO7MwVx4hreICaZTDSm7FARKaSfBmbe0JyQF7=s120-c-rp-mo-ba2-br100\" loading=\"lazy\" alt=\"Peter M\u00f6llberg\" \/> <\/div> <div class=\"ti-profile-details\"> <div class=\"ti-name\"> Peter M\u00f6llberg <\/div> <div class=\"ti-date\">2024-06-27<\/div> <\/div> <\/div> <span class=\"ti-stars\"><span class=\"ti-star f\"><\/span><span class=\"ti-star f\"><\/span><span class=\"ti-star f\"><\/span><span class=\"ti-star f\"><\/span><span class=\"ti-star f\"><\/span><span class=\"ti-verified-review ti-verified-platform\"><span class=\"ti-verified-tooltip\">Trustindex verifierar att den ursprungliga k\u00e4llan till recensionen \u00e4r Google.<\/span><\/span><\/span> <div class=\"ti-review-text-container ti-review-content\"><!-- R-CONTENT -->Very professional and highly competent, warmly recommended!<!-- R-CONTENT --><\/div> <span class=\"ti-read-more\" data-container=\".ti-review-content\" data-collapse-text=\"D\u00f6lj\" data-open-text=\"L\u00e4s mer\" ><\/span> <\/div> <\/div>  <div data-empty=\"0\" class=\"ti-review-item source-Google ti-image-layout-thumbnail\" data-id=\"cfcd208495d565ef66e7dff9f98764da\" > <div class=\"ti-inner\"> <div class=\"ti-review-header\"> <div class=\"ti-profile-img\"> <img decoding=\"async\" src=\"https:\/\/lh3.googleusercontent.com\/a\/ACg8ocLaqYE_WAMD0EX99mgkqSa73ndtP-cbp6PQPDa03SzCr4HQCw=s120-c-rp-mo-br100\" loading=\"lazy\" alt=\"Fredrik Weiler Olofsson\" \/> <\/div> <div class=\"ti-profile-details\"> <div class=\"ti-name\"> Fredrik Weiler Olofsson <\/div> <div class=\"ti-date\">2024-06-27<\/div> <\/div> <\/div> <span class=\"ti-stars\"><span class=\"ti-star f\"><\/span><span class=\"ti-star f\"><\/span><span class=\"ti-star f\"><\/span><span class=\"ti-star f\"><\/span><span class=\"ti-star f\"><\/span><span class=\"ti-verified-review ti-verified-platform\"><span class=\"ti-verified-tooltip\">Trustindex verifierar att den ursprungliga k\u00e4llan till recensionen \u00e4r Google.<\/span><\/span><\/span> <div class=\"ti-review-text-container ti-review-content\"><!-- R-CONTENT -->Great and fast work. Turns up and finish on time.<!-- R-CONTENT --><\/div> <span class=\"ti-read-more\" data-container=\".ti-review-content\" data-collapse-text=\"D\u00f6lj\" data-open-text=\"L\u00e4s mer\" ><\/span> <\/div> <\/div>  <\/div> <div class=\"ti-controls-line\"> <div class=\"dot\"><\/div> <\/div>  <\/div> <\/div> <\/div> <\/pre>\n<\/div>\n\t\t<\/div><\/div><\/div><\/div><\/div><div id=\"pg-464-3\"  class=\"panel-grid panel-has-style\" ><div class=\"siteorigin-panels-stretch panel-row-style panel-row-style-for-464-3\" style=\"border-bottom: 1px solid #e0e0e0;padding: 50px 0; \" id=\"what_we_do\" data-stretch-type=\"full\" data-overlay=\"true\" data-overlay-color=\"#000000\" ><div id=\"pgc-464-3-0\"  class=\"panel-grid-cell\" ><div id=\"panel-464-3-0-0\" class=\"so-panel widget widget_sydney_services_type_b sydney_services_b_widget panel-first-child panel-last-child\" data-index=\"4\" ><div style=\"text-align: center;\" data-title-color=\"#443f3f\" data-headings-color=\"#443f3f\" class=\"panel-widget-style panel-widget-style-for-464-3-0-0\" >\t\t\t<h3 class=\"widget-title\">What we do<\/h3>\r\n\t\t\t\t<div class=\"roll-icon-list\">\r\n\t\t\t\t\t\t\t\t\t\t\t\t\t\t\t\t\t\t\t\t\t\t\t<div class=\"service clearfix col-md-6\">\r\n\t\t\t\t\t\t\t<div class=\"list-item clearfix\">\r\n\t\t\t\t\t\t\t\t\t\t\t\t\t\t\t\t\t<div class=\"service-thumb\">\r\n\t\t\t\t\t\t\t\t\t\t\t\t\t\t\t\t\t\t\t\t\t<a href=\"\/our-work\"><img loading=\"lazy\" decoding=\"async\" width=\"350\" height=\"232\" src=\"https:\/\/smartcarpenter.se\/wp-content\/uploads\/construction-facades-deck1-500x332.jpg\" class=\"attachment-sydney-service-thumb size-sydney-service-thumb wp-post-image\" alt=\"\" srcset=\"https:\/\/smartcarpenter.se\/wp-content\/uploads\/construction-facades-deck1-500x332.jpg 500w, https:\/\/smartcarpenter.se\/wp-content\/uploads\/construction-facades-deck1-300x199.jpg 300w, https:\/\/smartcarpenter.se\/wp-content\/uploads\/construction-facades-deck1-230x153.jpg 230w, https:\/\/smartcarpenter.se\/wp-content\/uploads\/construction-facades-deck1-480x319.jpg 480w, https:\/\/smartcarpenter.se\/wp-content\/uploads\/construction-facades-deck1.jpg 722w\" sizes=\"(max-width: 350px) 100vw, 350px\" \/><\/a>\t\t\t\t\t\t\t\t\t\t\t\t\t\t\t\t\t\t\t<\/div>\r\n\t\t\t\t\t\t\t\t\t\t\t\t\t\t\t\t<div class=\"content\">\r\n\t\t\t\t\t\t\t\t\t<h3>\r\n\t\t\t\t\t\t\t\t\t\t\t\t\t\t\t\t\t\t\t\t\t<a href=\"\/our-work\">Construction, facade, terraces<\/a>\r\n\t\t\t\t\t\t\t\t\t\t\t\t\t\t\t\t\t\t\t<\/h3>\r\n\t\t\t\t\t\t\t\t\t\t\t\t\t\t\t\t\t\r\n\t\t\t\t\t\t\t\t\t\t\t\t\t\t\t\t\t\t\t\t\t\t\t\t\t\t\t<\/div><!--.info-->\t\r\n\t\t\t\t\t\t\t<\/div>\r\n\t\t\t\t\t\t<\/div>\r\n\t\t\t\t\t\t\t\t\t\t\t\t\t\t\t\t\t\t\t\t\t\t\t<div class=\"service clearfix col-md-6\">\r\n\t\t\t\t\t\t\t<div class=\"list-item clearfix\">\r\n\t\t\t\t\t\t\t\t\t\t\t\t\t\t\t\t\t<div class=\"service-thumb\">\r\n\t\t\t\t\t\t\t\t\t\t\t\t\t\t\t\t\t\t\t\t\t<a href=\"\/our-work\"><img loading=\"lazy\" decoding=\"async\" width=\"350\" height=\"232\" src=\"https:\/\/smartcarpenter.se\/wp-content\/uploads\/Attic-adaptations-floors-doors-windows-500x332.jpg\" class=\"attachment-sydney-service-thumb size-sydney-service-thumb wp-post-image\" alt=\"\" srcset=\"https:\/\/smartcarpenter.se\/wp-content\/uploads\/Attic-adaptations-floors-doors-windows.jpg 500w, https:\/\/smartcarpenter.se\/wp-content\/uploads\/Attic-adaptations-floors-doors-windows-300x199.jpg 300w, https:\/\/smartcarpenter.se\/wp-content\/uploads\/Attic-adaptations-floors-doors-windows-230x153.jpg 230w, https:\/\/smartcarpenter.se\/wp-content\/uploads\/Attic-adaptations-floors-doors-windows-480x319.jpg 480w\" sizes=\"(max-width: 350px) 100vw, 350px\" \/><\/a>\t\t\t\t\t\t\t\t\t\t\t\t\t\t\t\t\t\t\t<\/div>\r\n\t\t\t\t\t\t\t\t\t\t\t\t\t\t\t\t<div class=\"content\">\r\n\t\t\t\t\t\t\t\t\t<h3>\r\n\t\t\t\t\t\t\t\t\t\t\t\t\t\t\t\t\t\t\t\t\t<a href=\"\/our-work\">Attic adaptations, floors, doors, windows<\/a>\r\n\t\t\t\t\t\t\t\t\t\t\t\t\t\t\t\t\t\t\t<\/h3>\r\n\t\t\t\t\t\t\t\t\t\t\t\t\t\t\t\t\t\r\n\t\t\t\t\t\t\t\t\t\t\t\t\t\t\t\t\t\t\t\t\t\t\t\t\t\t\t<\/div><!--.info-->\t\r\n\t\t\t\t\t\t\t<\/div>\r\n\t\t\t\t\t\t<\/div>\r\n\t\t\t\t\t\t\t\t\t\t\t\t\t\t\t\t\t\t\t\t\t\t\t<div class=\"service clearfix col-md-6\">\r\n\t\t\t\t\t\t\t<div class=\"list-item clearfix\">\r\n\t\t\t\t\t\t\t\t\t\t\t\t\t\t\t\t\t<div class=\"service-thumb\">\r\n\t\t\t\t\t\t\t\t\t\t\t\t\t\t\t\t\t\t\t\t\t<a href=\"\/our-work\"><img loading=\"lazy\" decoding=\"async\" width=\"350\" height=\"232\" src=\"https:\/\/smartcarpenter.se\/wp-content\/uploads\/Furnitures-walk-in-closet-500x332.jpg\" class=\"attachment-sydney-service-thumb size-sydney-service-thumb wp-post-image\" alt=\"\" srcset=\"https:\/\/smartcarpenter.se\/wp-content\/uploads\/Furnitures-walk-in-closet.jpg 500w, https:\/\/smartcarpenter.se\/wp-content\/uploads\/Furnitures-walk-in-closet-300x199.jpg 300w, https:\/\/smartcarpenter.se\/wp-content\/uploads\/Furnitures-walk-in-closet-230x153.jpg 230w, https:\/\/smartcarpenter.se\/wp-content\/uploads\/Furnitures-walk-in-closet-480x319.jpg 480w\" sizes=\"(max-width: 350px) 100vw, 350px\" \/><\/a>\t\t\t\t\t\t\t\t\t\t\t\t\t\t\t\t\t\t\t<\/div>\r\n\t\t\t\t\t\t\t\t\t\t\t\t\t\t\t\t<div class=\"content\">\r\n\t\t\t\t\t\t\t\t\t<h3>\r\n\t\t\t\t\t\t\t\t\t\t\t\t\t\t\t\t\t\t\t\t\t<a href=\"\/our-work\">Furnitures, walk in closet<\/a>\r\n\t\t\t\t\t\t\t\t\t\t\t\t\t\t\t\t\t\t\t<\/h3>\r\n\t\t\t\t\t\t\t\t\t\t\t\t\t\t\t\t\t\r\n\t\t\t\t\t\t\t\t\t\t\t\t\t\t\t\t\t\t\t\t\t\t\t\t\t\t\t<\/div><!--.info-->\t\r\n\t\t\t\t\t\t\t<\/div>\r\n\t\t\t\t\t\t<\/div>\r\n\t\t\t\t\t\t\t\t\t\t\t\t\t\t\t\t\t\t\t\t\t\t\t<div class=\"service clearfix col-md-6\">\r\n\t\t\t\t\t\t\t<div class=\"list-item clearfix\">\r\n\t\t\t\t\t\t\t\t\t\t\t\t\t\t\t\t\t<div class=\"service-thumb\">\r\n\t\t\t\t\t\t\t\t\t\t\t\t\t\t\t\t\t\t\t\t\t<a href=\"\/our-work\"><img loading=\"lazy\" decoding=\"async\" width=\"350\" height=\"232\" src=\"https:\/\/smartcarpenter.se\/wp-content\/uploads\/Kitchens-500x332.jpg\" class=\"attachment-sydney-service-thumb size-sydney-service-thumb wp-post-image\" alt=\"\" srcset=\"https:\/\/smartcarpenter.se\/wp-content\/uploads\/Kitchens.jpg 500w, https:\/\/smartcarpenter.se\/wp-content\/uploads\/Kitchens-300x199.jpg 300w, https:\/\/smartcarpenter.se\/wp-content\/uploads\/Kitchens-230x153.jpg 230w, https:\/\/smartcarpenter.se\/wp-content\/uploads\/Kitchens-480x319.jpg 480w\" sizes=\"(max-width: 350px) 100vw, 350px\" \/><\/a>\t\t\t\t\t\t\t\t\t\t\t\t\t\t\t\t\t\t\t<\/div>\r\n\t\t\t\t\t\t\t\t\t\t\t\t\t\t\t\t<div class=\"content\">\r\n\t\t\t\t\t\t\t\t\t<h3>\r\n\t\t\t\t\t\t\t\t\t\t\t\t\t\t\t\t\t\t\t\t\t<a href=\"\/our-work\">Kitchens<\/a>\r\n\t\t\t\t\t\t\t\t\t\t\t\t\t\t\t\t\t\t\t<\/h3>\r\n\t\t\t\t\t\t\t\t\t\t\t\t\t\t\t\t\t\r\n\t\t\t\t\t\t\t\t\t\t\t\t\t\t\t\t\t\t\t\t\t\t\t\t\t\t\t<\/div><!--.info-->\t\r\n\t\t\t\t\t\t\t<\/div>\r\n\t\t\t\t\t\t<\/div>\r\n\t\t\t\t\t\t\t\t\t\t\t\t\t\t\t\t\t\t\t\t\t\t\t<div class=\"service clearfix col-md-6\">\r\n\t\t\t\t\t\t\t<div class=\"list-item clearfix\">\r\n\t\t\t\t\t\t\t\t\t\t\t\t\t\t\t\t\t<div class=\"service-thumb\">\r\n\t\t\t\t\t\t\t\t\t\t\t\t\t\t\t\t\t\t\t\t\t<a href=\"\/our-work\"><img loading=\"lazy\" decoding=\"async\" width=\"350\" height=\"232\" src=\"https:\/\/smartcarpenter.se\/wp-content\/uploads\/Saunas-500x332.jpg\" class=\"attachment-sydney-service-thumb size-sydney-service-thumb wp-post-image\" alt=\"\" srcset=\"https:\/\/smartcarpenter.se\/wp-content\/uploads\/Saunas.jpg 500w, https:\/\/smartcarpenter.se\/wp-content\/uploads\/Saunas-300x199.jpg 300w, https:\/\/smartcarpenter.se\/wp-content\/uploads\/Saunas-230x153.jpg 230w, https:\/\/smartcarpenter.se\/wp-content\/uploads\/Saunas-480x319.jpg 480w\" sizes=\"(max-width: 350px) 100vw, 350px\" \/><\/a>\t\t\t\t\t\t\t\t\t\t\t\t\t\t\t\t\t\t\t<\/div>\r\n\t\t\t\t\t\t\t\t\t\t\t\t\t\t\t\t<div class=\"content\">\r\n\t\t\t\t\t\t\t\t\t<h3>\r\n\t\t\t\t\t\t\t\t\t\t\t\t\t\t\t\t\t\t\t\t\t<a href=\"\/our-work\">Saunas<\/a>\r\n\t\t\t\t\t\t\t\t\t\t\t\t\t\t\t\t\t\t\t<\/h3>\r\n\t\t\t\t\t\t\t\t\t\t\t\t\t\t\t\t\t\r\n\t\t\t\t\t\t\t\t\t\t\t\t\t\t\t\t\t\t\t\t\t\t\t\t\t\t\t<\/div><!--.info-->\t\r\n\t\t\t\t\t\t\t<\/div>\r\n\t\t\t\t\t\t<\/div>\r\n\t\t\t\t\t\t\t\t\t\t\t\t\t\t\t\t\t\t\t\t\t\t\t<div class=\"service clearfix col-md-6\">\r\n\t\t\t\t\t\t\t<div class=\"list-item clearfix\">\r\n\t\t\t\t\t\t\t\t\t\t\t\t\t\t\t\t\t<div class=\"service-thumb\">\r\n\t\t\t\t\t\t\t\t\t\t\t\t\t\t\t\t\t\t\t\t\t<a href=\"\/our-work\"><img loading=\"lazy\" decoding=\"async\" width=\"350\" height=\"232\" src=\"https:\/\/smartcarpenter.se\/wp-content\/uploads\/3D-visualisations-500x332.jpg\" class=\"attachment-sydney-service-thumb size-sydney-service-thumb wp-post-image\" alt=\"\" srcset=\"https:\/\/smartcarpenter.se\/wp-content\/uploads\/3D-visualisations.jpg 500w, https:\/\/smartcarpenter.se\/wp-content\/uploads\/3D-visualisations-300x199.jpg 300w, https:\/\/smartcarpenter.se\/wp-content\/uploads\/3D-visualisations-230x153.jpg 230w, https:\/\/smartcarpenter.se\/wp-content\/uploads\/3D-visualisations-480x319.jpg 480w\" sizes=\"(max-width: 350px) 100vw, 350px\" \/><\/a>\t\t\t\t\t\t\t\t\t\t\t\t\t\t\t\t\t\t\t<\/div>\r\n\t\t\t\t\t\t\t\t\t\t\t\t\t\t\t\t<div class=\"content\">\r\n\t\t\t\t\t\t\t\t\t<h3>\r\n\t\t\t\t\t\t\t\t\t\t\t\t\t\t\t\t\t\t\t\t\t<a href=\"\/our-work\">3D visualisations<\/a>\r\n\t\t\t\t\t\t\t\t\t\t\t\t\t\t\t\t\t\t\t<\/h3>\r\n\t\t\t\t\t\t\t\t\t\t\t\t\t\t\t\t\t\r\n\t\t\t\t\t\t\t\t\t\t\t\t\t\t\t\t\t\t\t\t\t\t\t\t\t\t\t<\/div><!--.info-->\t\r\n\t\t\t\t\t\t\t<\/div>\r\n\t\t\t\t\t\t<\/div>\r\n\t\t\t\t\t\t\t\t\t<\/div>\t\r\n\r\n\t\t\t\t\t\t\t\t\r\n\t<\/div><\/div><\/div><\/div><\/div><div id=\"pg-464-4\"  class=\"panel-grid panel-has-style\" ><div class=\"siteorigin-panels-stretch panel-row-style panel-row-style-for-464-4\" style=\"border-bottom: 1px solid #e0e0e0;padding: 5px 0; \" data-stretch-type=\"full\" data-overlay=\"true\" data-overlay-color=\"#000000\" ><div id=\"pgc-464-4-0\"  class=\"panel-grid-cell panel-grid-cell-empty\" ><\/div><\/div><\/div><div id=\"pg-464-5\"  class=\"panel-grid panel-has-style\" ><div style=\"text-align: center;padding: 0px 0; \" data-overlay=\"true\" data-overlay-color=\"#000000\" class=\"panel-row-style panel-row-style-for-464-5\" ><div id=\"pgc-464-5-0\"  class=\"panel-grid-cell\" ><div id=\"panel-464-5-0-0\" class=\"so-panel widget widget_text panel-first-child panel-last-child\" data-index=\"5\" ><div style=\"text-align: center;\" data-title-color=\"#443f3f\" data-headings-color=\"#443f3f\" class=\"panel-widget-style panel-widget-style-for-464-5-0-0\" >\t\t\t<div class=\"textwidget\"><span style=\"font-weight: 400;color:#c8906e;\">Maciej Kiona<\/span><br>\n<span style=\"font-size:15px;\">mkiona@smartcarpenter.se<br>\n0769 062 694<\/span><\/div>\n\t\t<\/div><\/div><\/div><div id=\"pgc-464-5-1\"  class=\"panel-grid-cell\" ><div id=\"panel-464-5-1-0\" class=\"so-panel widget widget_sow-image panel-first-child panel-last-child\" data-index=\"6\" ><div style=\"text-align: center;\" data-title-color=\"#443f3f\" data-headings-color=\"#443f3f\" class=\"panel-widget-style panel-widget-style-for-464-5-1-0\" ><div\n\t\t\t\n\t\t\tclass=\"so-widget-sow-image so-widget-sow-image-default-e4c2d9f6c920-35\"\n\t\t\t\n\t\t>\n\n<div class=\"sow-image-container\">\n\t\t<img loading=\"lazy\" decoding=\"async\" src=\"https:\/\/smartcarpenter.se\/wp-content\/uploads\/avatar-272x182.png\" width=\"272\" height=\"182\" sizes=\"(max-width: 272px) 100vw, 272px\" alt=\"\" \t\tclass=\"so-widget-image\"\/>\n\t<\/div>\n\n<\/div><\/div><\/div><\/div><\/div><\/div><div id=\"pg-464-6\"  class=\"panel-grid panel-has-style\" ><div style=\"padding: 0px 0; \" data-overlay=\"true\" data-overlay-color=\"#000000\" class=\"panel-row-style panel-row-style-for-464-6\" ><div id=\"pgc-464-6-0\"  class=\"panel-grid-cell\" ><div id=\"panel-464-6-0-0\" class=\"so-panel widget widget_text panel-first-child panel-last-child\" data-index=\"7\" ><div style=\"text-align: center;\" data-title-color=\"#443f3f\" data-headings-color=\"#443f3f\" class=\"panel-widget-style panel-widget-style-for-464-6-0-0\" ><h3 class=\"widget-title\">Who we are?<\/h3>\t\t\t<div class=\"textwidget\"><span style=\"font-weight: 400;\">We are young thriving company with experience on Swedish market<br>\nstrengthened for seven years.<\/span><br><br>\n\nRecommendations show everything about our work!<br>\n<span style=\"font-weight: 400;\">We are working in Stockholm L\u00e4n area.<\/span><br><br><\/div>\n\t\t<\/div><\/div><\/div><\/div><\/div><div id=\"pg-464-7\"  class=\"panel-grid panel-has-style\" ><div class=\"siteorigin-panels-stretch panel-row-style panel-row-style-for-464-7\" style=\"background-image: url(https:\/\/smartcarpenter.se\/wp-content\/uploads\/smart_carpenter_how_can_we_help.jpg);padding: 100px 0; \" data-stretch-type=\"full-width-stretch\" data-hasbg=\"hasbg\" data-overlay=\"true\" data-overlay-color=\"#000000\" ><div id=\"pgc-464-7-0\"  class=\"panel-grid-cell\" ><div id=\"panel-464-7-0-0\" class=\"so-panel widget widget_text panel-first-child panel-last-child\" data-index=\"8\" ><div style=\"text-align: center;\" data-title-color=\"#443f3f\" data-headings-color=\"#443f3f\" class=\"panel-widget-style panel-widget-style-for-464-7-0-0\" >\t\t\t<div class=\"textwidget\">How can we help you?<br>\n<span style=\"font-weight: 400;\">Write to us info@smartcarpenter.se or call +46 769 062 694<\/span><\/div>\n\t\t<\/div><\/div><\/div><\/div><\/div><\/div>","protected":false},"excerpt":{"rendered":"<p>How we work? We professionally deal with broadly defined carpentry like: Attic adaptations, dormers, doors and windows, floors, terraces, saunas, furnitures, facade, [&hellip;]<\/p>\n","protected":false},"author":1,"featured_media":0,"parent":0,"menu_order":0,"comment_status":"closed","ping_status":"closed","template":"page-templates\/page_front-page.php","meta":{"footnotes":""},"_links":{"self":[{"href":"https:\/\/smartcarpenter.se\/en\/wp-json\/wp\/v2\/pages\/464"}],"collection":[{"href":"https:\/\/smartcarpenter.se\/en\/wp-json\/wp\/v2\/pages"}],"about":[{"href":"https:\/\/smartcarpenter.se\/en\/wp-json\/wp\/v2\/types\/page"}],"author":[{"embeddable":true,"href":"https:\/\/smartcarpenter.se\/en\/wp-json\/wp\/v2\/users\/1"}],"replies":[{"embeddable":true,"href":"https:\/\/smartcarpenter.se\/en\/wp-json\/wp\/v2\/comments?post=464"}],"version-history":[{"count":385,"href":"https:\/\/smartcarpenter.se\/en\/wp-json\/wp\/v2\/pages\/464\/revisions"}],"predecessor-version":[{"id":1442,"href":"https:\/\/smartcarpenter.se\/en\/wp-json\/wp\/v2\/pages\/464\/revisions\/1442"}],"wp:attachment":[{"href":"https:\/\/smartcarpenter.se\/en\/wp-json\/wp\/v2\/media?parent=464"}],"curies":[{"name":"wp","href":"https:\/\/api.w.org\/{rel}","templated":true}]}}